{"id":2896,"date":"2024-02-06T18:08:14","date_gmt":"2024-02-06T17:08:14","guid":{"rendered":"https:\/\/hla-expert.com\/?post_type=product&#038;p=2896"},"modified":"2026-01-15T11:15:39","modified_gmt":"2026-01-15T10:15:39","slug":"interpretation-opg","status":"publish","type":"product","link":"https:\/\/hla-expert.com\/en\/product\/interpretation-opg\/","title":{"rendered":"Interpretation OPG"},"content":{"rendered":"<p>On ne s&#8217;en doute pas (ou pas suffisamment), mais la bouche est au centre du corps. La bouche peut \u00eatre \u00e0 l&#8217;origine de douleurs qui sont localis\u00e9es parfois tr\u00e8s loin. A l&#8217;inverse la bouche peut permette d&#8217;identifier des d\u00e9sordres situ\u00e9s dans des tissus tr\u00e8s \u00e9loign\u00e9s. Tout ceci est possible car la bouche est form\u00e9e de tissus issus des 5 bourgeons primitifs. Cette origine pentam\u00e9trique de la bouche lui permet d&#8217;\u00eatre en contact bi-directionnel permanent avec tous les tissus &#8211; m\u00eame les plus \u00e9loign\u00e9s. Plus d&#8217;informations sur la page : <strong><a style=\"color: #16c922;\" href=\"https:\/\/hla-expert.com\/la-bouche-et-la-douleur\/\">La bouche et la douleur<\/a><\/strong>.<br \/>\nExemples : <strong>rapport d&#8217;interpr\u00e9tation d\u00e9taill\u00e9e n\u00b01<\/strong>, <strong><span style=\"color: #16c922;\">rapport d&#8217;interpr\u00e9tation d\u00e9taill\u00e9e n\u00b02<\/span><\/strong>.<\/p>\n","protected":false},"excerpt":{"rendered":"<p>A partir d&#8217;un orthopantomogramme (OPG, aussi appel\u00e9 &#8220;panoramique dentaire&#8221;) incluant les 2 ATM (articulations temporo-mandibulaires) + 3 photos de face (bouche ferm\u00e9e, montrant les dents, langue dehors), nous r\u00e9alisons une interpr\u00e9tation d\u00e9taill\u00e9e susceptible de mettre en \u00e9vidence les troubles de la fonction occlusale, comme \u00e9galement la pr\u00e9sence d&#8217;\u00e9pines irritatives ou diverses autres causes de probl\u00e8me. Si des causes probables sont identifi\u00e9es, alors des pistes th\u00e9rapeutiques sont incluses dans le rapport d&#8217;interpr\u00e9tation d\u00e9taill\u00e9.<br \/>\nPour transmettre l&#8217;orthopanoramique et les 3 photos, veuillez cliquez (ou d\u00e9posez sur) &#8220;T\u00e9l\u00e9versez votre fichier&#8221; (boutons ci-dessous). Ensuite, cliquez &#8220;Ajouter au panier&#8221;. Les fichiers t\u00e9l\u00e9vers\u00e9s sont automatiquement ajout\u00e9s \u00e0 votre commande.<\/p>\n","protected":false},"featured_media":2897,"template":"","meta":[],"product_brand":[],"product_cat":[65],"product_tag":[],"class_list":{"0":"post-2896","1":"product","2":"type-product","3":"status-publish","4":"has-post-thumbnail","6":"product_cat-douleurs-non-diagnostiquees","8":"first","9":"instock","10":"taxable","11":"shipping-taxable","12":"purchasable","13":"product-type-simple"},"yoast_head":"<!-- This site is optimized with the Yoast SEO plugin v26.5 - https:\/\/yoast.com\/wordpress\/plugins\/seo\/ -->\n<title>Interpretation OPG - HLA Expert<\/title>\n<meta name=\"robots\" content=\"index, follow, max-snippet:-1, max-image-preview:large, max-video-preview:-1\" \/>\n<link rel=\"canonical\" href=\"https:\/\/hla-expert.com\/en\/product\/interpretation-opg\/\" \/>\n<meta property=\"og:locale\" content=\"en_US\" \/>\n<meta property=\"og:type\" content=\"article\" \/>\n<meta property=\"og:title\" content=\"Interpretation OPG - HLA Expert\" \/>\n<meta property=\"og:description\" content=\"A partir d&#039;un orthopantomogramme (OPG, aussi appel\u00e9 &quot;panoramique dentaire&quot;) incluant les 2 ATM (articulations temporo-mandibulaires) + 3 photos de face (bouche ferm\u00e9e, montrant les dents, langue dehors), nous r\u00e9alisons une interpr\u00e9tation d\u00e9taill\u00e9e susceptible de mettre en \u00e9vidence les troubles de la fonction occlusale, comme \u00e9galement la pr\u00e9sence d&#039;\u00e9pines irritatives ou diverses autres causes de probl\u00e8me. Si des causes probables sont identifi\u00e9es, alors des pistes th\u00e9rapeutiques sont incluses dans le rapport d&#039;interpr\u00e9tation d\u00e9taill\u00e9. Pour transmettre l&#039;orthopanoramique et les 3 photos, veuillez cliquez (ou d\u00e9posez sur) &quot;T\u00e9l\u00e9versez votre fichier&quot; (boutons ci-dessous). Ensuite, cliquez &quot;Ajouter au panier&quot;. Les fichiers t\u00e9l\u00e9vers\u00e9s sont automatiquement ajout\u00e9s \u00e0 votre commande.\" \/>\n<meta property=\"og:url\" content=\"https:\/\/hla-expert.com\/en\/product\/interpretation-opg\/\" \/>\n<meta property=\"og:site_name\" content=\"HLA Expert\" \/>\n<meta property=\"article:modified_time\" content=\"2026-01-15T10:15:39+00:00\" \/>\n<meta property=\"og:image\" content=\"https:\/\/hla-expert.com\/wp-content\/uploads\/2024\/02\/orthopantomogramme-ATM.png\" \/>\n\t<meta property=\"og:image:width\" content=\"831\" \/>\n\t<meta property=\"og:image:height\" content=\"412\" \/>\n\t<meta property=\"og:image:type\" content=\"image\/png\" \/>\n<meta name=\"twitter:card\" content=\"summary_large_image\" \/>\n<meta name=\"twitter:label1\" content=\"Est. reading time\" \/>\n\t<meta name=\"twitter:data1\" content=\"1 minute\" \/>\n<script type=\"application\/ld+json\" class=\"yoast-schema-graph\">{\"@context\":\"https:\/\/schema.org\",\"@graph\":[{\"@type\":\"WebPage\",\"@id\":\"https:\/\/hla-expert.com\/en\/product\/interpretation-opg\/\",\"url\":\"https:\/\/hla-expert.com\/en\/product\/interpretation-opg\/\",\"name\":\"Interpretation OPG - HLA Expert\",\"isPartOf\":{\"@id\":\"https:\/\/hla-expert.com\/en\/#website\"},\"primaryImageOfPage\":{\"@id\":\"https:\/\/hla-expert.com\/en\/product\/interpretation-opg\/#primaryimage\"},\"image\":{\"@id\":\"https:\/\/hla-expert.com\/en\/product\/interpretation-opg\/#primaryimage\"},\"thumbnailUrl\":\"https:\/\/hla-expert.com\/wp-content\/uploads\/2024\/02\/orthopantomogramme-ATM.png\",\"datePublished\":\"2024-02-06T17:08:14+00:00\",\"dateModified\":\"2026-01-15T10:15:39+00:00\",\"breadcrumb\":{\"@id\":\"https:\/\/hla-expert.com\/en\/product\/interpretation-opg\/#breadcrumb\"},\"inLanguage\":\"en-US\",\"potentialAction\":[{\"@type\":\"ReadAction\",\"target\":[\"https:\/\/hla-expert.com\/en\/product\/interpretation-opg\/\"]}]},{\"@type\":\"ImageObject\",\"inLanguage\":\"en-US\",\"@id\":\"https:\/\/hla-expert.com\/en\/product\/interpretation-opg\/#primaryimage\",\"url\":\"https:\/\/hla-expert.com\/wp-content\/uploads\/2024\/02\/orthopantomogramme-ATM.png\",\"contentUrl\":\"https:\/\/hla-expert.com\/wp-content\/uploads\/2024\/02\/orthopantomogramme-ATM.png\",\"width\":831,\"height\":412},{\"@type\":\"BreadcrumbList\",\"@id\":\"https:\/\/hla-expert.com\/en\/product\/interpretation-opg\/#breadcrumb\",\"itemListElement\":[{\"@type\":\"ListItem\",\"position\":1,\"name\":\"Accueil\",\"item\":\"https:\/\/hla-expert.com\/en\/\"},{\"@type\":\"ListItem\",\"position\":2,\"name\":\"Shop\",\"item\":\"https:\/\/hla-expert.com\/en\/shop-2\/\"},{\"@type\":\"ListItem\",\"position\":3,\"name\":\"Interpretation OPG\"}]},{\"@type\":\"WebSite\",\"@id\":\"https:\/\/hla-expert.com\/en\/#website\",\"url\":\"https:\/\/hla-expert.com\/en\/\",\"name\":\"HLA Expert\",\"description\":\"\",\"publisher\":{\"@id\":\"https:\/\/hla-expert.com\/en\/#organization\"},\"potentialAction\":[{\"@type\":\"SearchAction\",\"target\":{\"@type\":\"EntryPoint\",\"urlTemplate\":\"https:\/\/hla-expert.com\/en\/?s={search_term_string}\"},\"query-input\":{\"@type\":\"PropertyValueSpecification\",\"valueRequired\":true,\"valueName\":\"search_term_string\"}}],\"inLanguage\":\"en-US\"},{\"@type\":\"Organization\",\"@id\":\"https:\/\/hla-expert.com\/en\/#organization\",\"name\":\"HLA Expert\",\"url\":\"https:\/\/hla-expert.com\/en\/\",\"logo\":{\"@type\":\"ImageObject\",\"inLanguage\":\"en-US\",\"@id\":\"https:\/\/hla-expert.com\/en\/#\/schema\/logo\/image\/\",\"url\":\"https:\/\/hla-expert.com\/wp-content\/uploads\/2022\/12\/HLA-expert-logo-3-1.png\",\"contentUrl\":\"https:\/\/hla-expert.com\/wp-content\/uploads\/2022\/12\/HLA-expert-logo-3-1.png\",\"width\":446,\"height\":172,\"caption\":\"HLA Expert\"},\"image\":{\"@id\":\"https:\/\/hla-expert.com\/en\/#\/schema\/logo\/image\/\"}}]}<\/script>\n<!-- \/ Yoast SEO plugin. -->","yoast_head_json":{"title":"Interpretation OPG - HLA Expert","robots":{"index":"index","follow":"follow","max-snippet":"max-snippet:-1","max-image-preview":"max-image-preview:large","max-video-preview":"max-video-preview:-1"},"canonical":"https:\/\/hla-expert.com\/en\/product\/interpretation-opg\/","og_locale":"en_US","og_type":"article","og_title":"Interpretation OPG - HLA Expert","og_description":"A partir d'un orthopantomogramme (OPG, aussi appel\u00e9 \"panoramique dentaire\") incluant les 2 ATM (articulations temporo-mandibulaires) + 3 photos de face (bouche ferm\u00e9e, montrant les dents, langue dehors), nous r\u00e9alisons une interpr\u00e9tation d\u00e9taill\u00e9e susceptible de mettre en \u00e9vidence les troubles de la fonction occlusale, comme \u00e9galement la pr\u00e9sence d'\u00e9pines irritatives ou diverses autres causes de probl\u00e8me. Si des causes probables sont identifi\u00e9es, alors des pistes th\u00e9rapeutiques sont incluses dans le rapport d'interpr\u00e9tation d\u00e9taill\u00e9. Pour transmettre l'orthopanoramique et les 3 photos, veuillez cliquez (ou d\u00e9posez sur) \"T\u00e9l\u00e9versez votre fichier\" (boutons ci-dessous). Ensuite, cliquez \"Ajouter au panier\". Les fichiers t\u00e9l\u00e9vers\u00e9s sont automatiquement ajout\u00e9s \u00e0 votre commande.","og_url":"https:\/\/hla-expert.com\/en\/product\/interpretation-opg\/","og_site_name":"HLA Expert","article_modified_time":"2026-01-15T10:15:39+00:00","og_image":[{"width":831,"height":412,"url":"https:\/\/hla-expert.com\/wp-content\/uploads\/2024\/02\/orthopantomogramme-ATM.png","type":"image\/png"}],"twitter_card":"summary_large_image","twitter_misc":{"Est. reading time":"1 minute"},"schema":{"@context":"https:\/\/schema.org","@graph":[{"@type":"WebPage","@id":"https:\/\/hla-expert.com\/en\/product\/interpretation-opg\/","url":"https:\/\/hla-expert.com\/en\/product\/interpretation-opg\/","name":"Interpretation OPG - HLA Expert","isPartOf":{"@id":"https:\/\/hla-expert.com\/en\/#website"},"primaryImageOfPage":{"@id":"https:\/\/hla-expert.com\/en\/product\/interpretation-opg\/#primaryimage"},"image":{"@id":"https:\/\/hla-expert.com\/en\/product\/interpretation-opg\/#primaryimage"},"thumbnailUrl":"https:\/\/hla-expert.com\/wp-content\/uploads\/2024\/02\/orthopantomogramme-ATM.png","datePublished":"2024-02-06T17:08:14+00:00","dateModified":"2026-01-15T10:15:39+00:00","breadcrumb":{"@id":"https:\/\/hla-expert.com\/en\/product\/interpretation-opg\/#breadcrumb"},"inLanguage":"en-US","potentialAction":[{"@type":"ReadAction","target":["https:\/\/hla-expert.com\/en\/product\/interpretation-opg\/"]}]},{"@type":"ImageObject","inLanguage":"en-US","@id":"https:\/\/hla-expert.com\/en\/product\/interpretation-opg\/#primaryimage","url":"https:\/\/hla-expert.com\/wp-content\/uploads\/2024\/02\/orthopantomogramme-ATM.png","contentUrl":"https:\/\/hla-expert.com\/wp-content\/uploads\/2024\/02\/orthopantomogramme-ATM.png","width":831,"height":412},{"@type":"BreadcrumbList","@id":"https:\/\/hla-expert.com\/en\/product\/interpretation-opg\/#breadcrumb","itemListElement":[{"@type":"ListItem","position":1,"name":"Accueil","item":"https:\/\/hla-expert.com\/en\/"},{"@type":"ListItem","position":2,"name":"Shop","item":"https:\/\/hla-expert.com\/en\/shop-2\/"},{"@type":"ListItem","position":3,"name":"Interpretation OPG"}]},{"@type":"WebSite","@id":"https:\/\/hla-expert.com\/en\/#website","url":"https:\/\/hla-expert.com\/en\/","name":"HLA Expert","description":"","publisher":{"@id":"https:\/\/hla-expert.com\/en\/#organization"},"potentialAction":[{"@type":"SearchAction","target":{"@type":"EntryPoint","urlTemplate":"https:\/\/hla-expert.com\/en\/?s={search_term_string}"},"query-input":{"@type":"PropertyValueSpecification","valueRequired":true,"valueName":"search_term_string"}}],"inLanguage":"en-US"},{"@type":"Organization","@id":"https:\/\/hla-expert.com\/en\/#organization","name":"HLA Expert","url":"https:\/\/hla-expert.com\/en\/","logo":{"@type":"ImageObject","inLanguage":"en-US","@id":"https:\/\/hla-expert.com\/en\/#\/schema\/logo\/image\/","url":"https:\/\/hla-expert.com\/wp-content\/uploads\/2022\/12\/HLA-expert-logo-3-1.png","contentUrl":"https:\/\/hla-expert.com\/wp-content\/uploads\/2022\/12\/HLA-expert-logo-3-1.png","width":446,"height":172,"caption":"HLA Expert"},"image":{"@id":"https:\/\/hla-expert.com\/en\/#\/schema\/logo\/image\/"}}]}},"_links":{"self":[{"href":"https:\/\/hla-expert.com\/en\/wp-json\/wp\/v2\/product\/2896","targetHints":{"allow":["GET"]}}],"collection":[{"href":"https:\/\/hla-expert.com\/en\/wp-json\/wp\/v2\/product"}],"about":[{"href":"https:\/\/hla-expert.com\/en\/wp-json\/wp\/v2\/types\/product"}],"wp:featuredmedia":[{"embeddable":true,"href":"https:\/\/hla-expert.com\/en\/wp-json\/wp\/v2\/media\/2897"}],"wp:attachment":[{"href":"https:\/\/hla-expert.com\/en\/wp-json\/wp\/v2\/media?parent=2896"}],"wp:term":[{"taxonomy":"product_brand","embeddable":true,"href":"https:\/\/hla-expert.com\/en\/wp-json\/wp\/v2\/product_brand?post=2896"},{"taxonomy":"product_cat","embeddable":true,"href":"https:\/\/hla-expert.com\/en\/wp-json\/wp\/v2\/product_cat?post=2896"},{"taxonomy":"product_tag","embeddable":true,"href":"https:\/\/hla-expert.com\/en\/wp-json\/wp\/v2\/product_tag?post=2896"}],"curies":[{"name":"wp","href":"https:\/\/api.w.org\/{rel}","templated":true}]}}