{"id":2874,"date":"2024-02-06T15:11:53","date_gmt":"2024-02-06T14:11:53","guid":{"rendered":"https:\/\/hla-expert.com\/?post_type=product&#038;p=2874"},"modified":"2026-01-15T11:16:25","modified_gmt":"2026-01-15T10:16:25","slug":"notice-metaux","status":"publish","type":"product","link":"https:\/\/hla-expert.com\/en\/product\/notice-metaux\/","title":{"rendered":"Notice m\u00e9taux : les listes des mat\u00e9riaux tol\u00e9r\u00e9s et \u00e0 \u00e9viter pour votre patient"},"content":{"rendered":"<p class=\"western\" align=\"left\">Plus d&#8217;informations sur le syst\u00e8me HLA et les mim\u00e9tismes mol\u00e9culaires aux m\u00e9taux lourds \u00e0 la page : <strong><a href=\"https:\/\/hla-expert.com\/le-systeme-hla-pour-les-dentistes\/\"  style=\"color: #16c922;\">Le syst\u00e8me HLA pour les dentistes<\/a><\/strong>.<\/p>\n<p class=\"western\" align=\"left\">Des exemples :<strong> <a href=\"https:\/\/hla-expert.com\/wp-content\/uploads\/2024\/02\/notice-metaux-1.pdf\"  style=\"color: #16c922;\">Notice m\u00e9taux n\u00b01<\/a><\/strong>, <strong><a href=\"https:\/\/hla-expert.com\/wp-content\/uploads\/2024\/02\/notice-metaux-2.pdf\"  style=\"color: #16c922;\">Notice m\u00e9taux n\u00b02.<\/a><\/strong><\/p>\n<p class=\"western\" align=\"left\">Pour obtenir l&#8217;haplotype HLA d&#8217;un patient, une simple prise de sang suffit. S&#8217;agissant de la d\u00e9termination de donn\u00e9es g\u00e9n\u00e9tiques, l&#8217;accord du patient est n\u00e9cessaire, mais c&#8217;est le praticien qui re\u00e7oit les r\u00e9sultats du typage HLA.<\/p>\n<p class=\"western\" align=\"left\">Les d\u00e9lais sont habituellement de 15 jours pour obtenir la liste des 10 all\u00e8les constitutifs de l&#8217;haplotype HLA du patient. Plus d&#8217;information sur la page : <strong><a href=\"https:\/\/hla-expert.com\/obtenir-haplotype-hla-de-son-patient\/\"  style=\"color: #16c922;\">Obtenir l&#8217;haplotype HLA de son patient<\/a><\/strong>.<\/p>\n<p align=\"left\">\n","protected":false},"excerpt":{"rendered":"<p class=\"western\" align=\"left\">R\u00e9sultats sous 5 jours.<\/p>\n<p class=\"western\" align=\"left\">Pour nous transmettre l&#8217;haplotype HLA de votre patient, cliquez (ou d\u00e9posez votre fichier sur) &#8220;T\u00e9l\u00e9versez votre fichier&#8221; (bouton ci-dessous), puis cliquez &#8220;Ajouter au panier&#8221;. Le fichier d\u00e9pos\u00e9 est automatiquement ajout\u00e9 \u00e0 votre commande.<\/p>\n","protected":false},"featured_media":2875,"template":"","meta":[],"product_brand":[],"product_cat":[64],"product_tag":[],"class_list":{"0":"post-2874","1":"product","2":"type-product","3":"status-publish","4":"has-post-thumbnail","6":"product_cat-dentiste","8":"first","9":"instock","10":"virtual","11":"sold-individually","12":"taxable","13":"purchasable","14":"product-type-simple"},"yoast_head":"<!-- This site is optimized with the Yoast SEO plugin v26.5 - https:\/\/yoast.com\/wordpress\/plugins\/seo\/ -->\n<title>Notice m\u00e9taux : les listes des mat\u00e9riaux tol\u00e9r\u00e9s et \u00e0 \u00e9viter pour votre patient - HLA Expert<\/title>\n<meta name=\"robots\" content=\"index, follow, max-snippet:-1, max-image-preview:large, max-video-preview:-1\" \/>\n<link rel=\"canonical\" href=\"https:\/\/hla-expert.com\/en\/product\/notice-metaux\/\" \/>\n<meta property=\"og:locale\" content=\"en_US\" \/>\n<meta property=\"og:type\" content=\"article\" \/>\n<meta property=\"og:title\" content=\"Notice m\u00e9taux : les listes des mat\u00e9riaux tol\u00e9r\u00e9s et \u00e0 \u00e9viter pour votre patient - HLA Expert\" \/>\n<meta property=\"og:description\" content=\"R\u00e9sultats sous 5 jours. Pour nous transmettre l&#039;haplotype HLA de votre patient, cliquez (ou d\u00e9posez votre fichier sur) &quot;T\u00e9l\u00e9versez votre fichier&quot; (bouton ci-dessous), puis cliquez &quot;Ajouter au panier&quot;. Le fichier d\u00e9pos\u00e9 est automatiquement ajout\u00e9 \u00e0 votre commande.\" \/>\n<meta property=\"og:url\" content=\"https:\/\/hla-expert.com\/en\/product\/notice-metaux\/\" \/>\n<meta property=\"og:site_name\" content=\"HLA Expert\" \/>\n<meta property=\"article:modified_time\" content=\"2026-01-15T10:16:25+00:00\" \/>\n<meta property=\"og:image\" content=\"https:\/\/hla-expert.com\/wp-content\/uploads\/2024\/02\/notice-metaux.jpg\" \/>\n\t<meta property=\"og:image:width\" content=\"2268\" \/>\n\t<meta property=\"og:image:height\" content=\"1607\" \/>\n\t<meta property=\"og:image:type\" content=\"image\/jpeg\" \/>\n<meta name=\"twitter:card\" content=\"summary_large_image\" \/>\n<meta name=\"twitter:label1\" content=\"Est. reading time\" \/>\n\t<meta name=\"twitter:data1\" content=\"1 minute\" \/>\n<script type=\"application\/ld+json\" class=\"yoast-schema-graph\">{\"@context\":\"https:\/\/schema.org\",\"@graph\":[{\"@type\":\"WebPage\",\"@id\":\"https:\/\/hla-expert.com\/en\/product\/notice-metaux\/\",\"url\":\"https:\/\/hla-expert.com\/en\/product\/notice-metaux\/\",\"name\":\"Notice m\u00e9taux : les listes des mat\u00e9riaux tol\u00e9r\u00e9s et \u00e0 \u00e9viter pour votre patient - HLA Expert\",\"isPartOf\":{\"@id\":\"https:\/\/hla-expert.com\/en\/#website\"},\"primaryImageOfPage\":{\"@id\":\"https:\/\/hla-expert.com\/en\/product\/notice-metaux\/#primaryimage\"},\"image\":{\"@id\":\"https:\/\/hla-expert.com\/en\/product\/notice-metaux\/#primaryimage\"},\"thumbnailUrl\":\"https:\/\/hla-expert.com\/wp-content\/uploads\/2024\/02\/notice-metaux.jpg\",\"datePublished\":\"2024-02-06T14:11:53+00:00\",\"dateModified\":\"2026-01-15T10:16:25+00:00\",\"breadcrumb\":{\"@id\":\"https:\/\/hla-expert.com\/en\/product\/notice-metaux\/#breadcrumb\"},\"inLanguage\":\"en-US\",\"potentialAction\":[{\"@type\":\"ReadAction\",\"target\":[\"https:\/\/hla-expert.com\/en\/product\/notice-metaux\/\"]}]},{\"@type\":\"ImageObject\",\"inLanguage\":\"en-US\",\"@id\":\"https:\/\/hla-expert.com\/en\/product\/notice-metaux\/#primaryimage\",\"url\":\"https:\/\/hla-expert.com\/wp-content\/uploads\/2024\/02\/notice-metaux.jpg\",\"contentUrl\":\"https:\/\/hla-expert.com\/wp-content\/uploads\/2024\/02\/notice-metaux.jpg\",\"width\":2268,\"height\":1607},{\"@type\":\"BreadcrumbList\",\"@id\":\"https:\/\/hla-expert.com\/en\/product\/notice-metaux\/#breadcrumb\",\"itemListElement\":[{\"@type\":\"ListItem\",\"position\":1,\"name\":\"Accueil\",\"item\":\"https:\/\/hla-expert.com\/en\/\"},{\"@type\":\"ListItem\",\"position\":2,\"name\":\"Shop\",\"item\":\"https:\/\/hla-expert.com\/en\/shop-2\/\"},{\"@type\":\"ListItem\",\"position\":3,\"name\":\"Notice m\u00e9taux : les listes des mat\u00e9riaux tol\u00e9r\u00e9s et \u00e0 \u00e9viter pour votre patient\"}]},{\"@type\":\"WebSite\",\"@id\":\"https:\/\/hla-expert.com\/en\/#website\",\"url\":\"https:\/\/hla-expert.com\/en\/\",\"name\":\"HLA Expert\",\"description\":\"\",\"publisher\":{\"@id\":\"https:\/\/hla-expert.com\/en\/#organization\"},\"potentialAction\":[{\"@type\":\"SearchAction\",\"target\":{\"@type\":\"EntryPoint\",\"urlTemplate\":\"https:\/\/hla-expert.com\/en\/?s={search_term_string}\"},\"query-input\":{\"@type\":\"PropertyValueSpecification\",\"valueRequired\":true,\"valueName\":\"search_term_string\"}}],\"inLanguage\":\"en-US\"},{\"@type\":\"Organization\",\"@id\":\"https:\/\/hla-expert.com\/en\/#organization\",\"name\":\"HLA Expert\",\"url\":\"https:\/\/hla-expert.com\/en\/\",\"logo\":{\"@type\":\"ImageObject\",\"inLanguage\":\"en-US\",\"@id\":\"https:\/\/hla-expert.com\/en\/#\/schema\/logo\/image\/\",\"url\":\"https:\/\/hla-expert.com\/wp-content\/uploads\/2022\/12\/HLA-expert-logo-3-1.png\",\"contentUrl\":\"https:\/\/hla-expert.com\/wp-content\/uploads\/2022\/12\/HLA-expert-logo-3-1.png\",\"width\":446,\"height\":172,\"caption\":\"HLA Expert\"},\"image\":{\"@id\":\"https:\/\/hla-expert.com\/en\/#\/schema\/logo\/image\/\"}}]}<\/script>\n<!-- \/ Yoast SEO plugin. -->","yoast_head_json":{"title":"Notice m\u00e9taux : les listes des mat\u00e9riaux tol\u00e9r\u00e9s et \u00e0 \u00e9viter pour votre patient - HLA Expert","robots":{"index":"index","follow":"follow","max-snippet":"max-snippet:-1","max-image-preview":"max-image-preview:large","max-video-preview":"max-video-preview:-1"},"canonical":"https:\/\/hla-expert.com\/en\/product\/notice-metaux\/","og_locale":"en_US","og_type":"article","og_title":"Notice m\u00e9taux : les listes des mat\u00e9riaux tol\u00e9r\u00e9s et \u00e0 \u00e9viter pour votre patient - HLA Expert","og_description":"R\u00e9sultats sous 5 jours. Pour nous transmettre l'haplotype HLA de votre patient, cliquez (ou d\u00e9posez votre fichier sur) \"T\u00e9l\u00e9versez votre fichier\" (bouton ci-dessous), puis cliquez \"Ajouter au panier\". Le fichier d\u00e9pos\u00e9 est automatiquement ajout\u00e9 \u00e0 votre commande.","og_url":"https:\/\/hla-expert.com\/en\/product\/notice-metaux\/","og_site_name":"HLA Expert","article_modified_time":"2026-01-15T10:16:25+00:00","og_image":[{"width":2268,"height":1607,"url":"https:\/\/hla-expert.com\/wp-content\/uploads\/2024\/02\/notice-metaux.jpg","type":"image\/jpeg"}],"twitter_card":"summary_large_image","twitter_misc":{"Est. reading time":"1 minute"},"schema":{"@context":"https:\/\/schema.org","@graph":[{"@type":"WebPage","@id":"https:\/\/hla-expert.com\/en\/product\/notice-metaux\/","url":"https:\/\/hla-expert.com\/en\/product\/notice-metaux\/","name":"Notice m\u00e9taux : les listes des mat\u00e9riaux tol\u00e9r\u00e9s et \u00e0 \u00e9viter pour votre patient - HLA Expert","isPartOf":{"@id":"https:\/\/hla-expert.com\/en\/#website"},"primaryImageOfPage":{"@id":"https:\/\/hla-expert.com\/en\/product\/notice-metaux\/#primaryimage"},"image":{"@id":"https:\/\/hla-expert.com\/en\/product\/notice-metaux\/#primaryimage"},"thumbnailUrl":"https:\/\/hla-expert.com\/wp-content\/uploads\/2024\/02\/notice-metaux.jpg","datePublished":"2024-02-06T14:11:53+00:00","dateModified":"2026-01-15T10:16:25+00:00","breadcrumb":{"@id":"https:\/\/hla-expert.com\/en\/product\/notice-metaux\/#breadcrumb"},"inLanguage":"en-US","potentialAction":[{"@type":"ReadAction","target":["https:\/\/hla-expert.com\/en\/product\/notice-metaux\/"]}]},{"@type":"ImageObject","inLanguage":"en-US","@id":"https:\/\/hla-expert.com\/en\/product\/notice-metaux\/#primaryimage","url":"https:\/\/hla-expert.com\/wp-content\/uploads\/2024\/02\/notice-metaux.jpg","contentUrl":"https:\/\/hla-expert.com\/wp-content\/uploads\/2024\/02\/notice-metaux.jpg","width":2268,"height":1607},{"@type":"BreadcrumbList","@id":"https:\/\/hla-expert.com\/en\/product\/notice-metaux\/#breadcrumb","itemListElement":[{"@type":"ListItem","position":1,"name":"Accueil","item":"https:\/\/hla-expert.com\/en\/"},{"@type":"ListItem","position":2,"name":"Shop","item":"https:\/\/hla-expert.com\/en\/shop-2\/"},{"@type":"ListItem","position":3,"name":"Notice m\u00e9taux : les listes des mat\u00e9riaux tol\u00e9r\u00e9s et \u00e0 \u00e9viter pour votre patient"}]},{"@type":"WebSite","@id":"https:\/\/hla-expert.com\/en\/#website","url":"https:\/\/hla-expert.com\/en\/","name":"HLA Expert","description":"","publisher":{"@id":"https:\/\/hla-expert.com\/en\/#organization"},"potentialAction":[{"@type":"SearchAction","target":{"@type":"EntryPoint","urlTemplate":"https:\/\/hla-expert.com\/en\/?s={search_term_string}"},"query-input":{"@type":"PropertyValueSpecification","valueRequired":true,"valueName":"search_term_string"}}],"inLanguage":"en-US"},{"@type":"Organization","@id":"https:\/\/hla-expert.com\/en\/#organization","name":"HLA Expert","url":"https:\/\/hla-expert.com\/en\/","logo":{"@type":"ImageObject","inLanguage":"en-US","@id":"https:\/\/hla-expert.com\/en\/#\/schema\/logo\/image\/","url":"https:\/\/hla-expert.com\/wp-content\/uploads\/2022\/12\/HLA-expert-logo-3-1.png","contentUrl":"https:\/\/hla-expert.com\/wp-content\/uploads\/2022\/12\/HLA-expert-logo-3-1.png","width":446,"height":172,"caption":"HLA Expert"},"image":{"@id":"https:\/\/hla-expert.com\/en\/#\/schema\/logo\/image\/"}}]}},"_links":{"self":[{"href":"https:\/\/hla-expert.com\/en\/wp-json\/wp\/v2\/product\/2874","targetHints":{"allow":["GET"]}}],"collection":[{"href":"https:\/\/hla-expert.com\/en\/wp-json\/wp\/v2\/product"}],"about":[{"href":"https:\/\/hla-expert.com\/en\/wp-json\/wp\/v2\/types\/product"}],"wp:featuredmedia":[{"embeddable":true,"href":"https:\/\/hla-expert.com\/en\/wp-json\/wp\/v2\/media\/2875"}],"wp:attachment":[{"href":"https:\/\/hla-expert.com\/en\/wp-json\/wp\/v2\/media?parent=2874"}],"wp:term":[{"taxonomy":"product_brand","embeddable":true,"href":"https:\/\/hla-expert.com\/en\/wp-json\/wp\/v2\/product_brand?post=2874"},{"taxonomy":"product_cat","embeddable":true,"href":"https:\/\/hla-expert.com\/en\/wp-json\/wp\/v2\/product_cat?post=2874"},{"taxonomy":"product_tag","embeddable":true,"href":"https:\/\/hla-expert.com\/en\/wp-json\/wp\/v2\/product_tag?post=2874"}],"curies":[{"name":"wp","href":"https:\/\/api.w.org\/{rel}","templated":true}]}}