{"id":2719,"date":"2023-04-29T19:07:34","date_gmt":"2023-04-29T17:07:34","guid":{"rendered":"https:\/\/hla-expert.com\/?post_type=product&#038;p=2719"},"modified":"2026-01-15T11:17:20","modified_gmt":"2026-01-15T10:17:20","slug":"expertise-hla-detaillee-12","status":"publish","type":"product","link":"https:\/\/hla-expert.com\/en\/product\/expertise-hla-detaillee-12\/","title":{"rendered":"12 expertises HLA d\u00e9taill\u00e9es (pour le prix de 10)"},"content":{"rendered":"<ol>\n<li>Le m\u00e9decin prescrit un &#8220;syst\u00e8me HLA complet&#8221; du patient et fait remplir le &#8220;consentement pour la r\u00e9alisation d&#8217;examens de g\u00e9n\u00e9tique&#8221; (signature conjointe du patient et du praticien).<\/li>\n<li>Le praticien ach\u00e8te une interpr\u00e9tation d\u00e9taill\u00e9e : paiement en ligne depuis cette page. Un lien d&#8217;acc\u00e8s Web \u00e0 la plateforme logicielle DIGITHLA est envoy\u00e9 au m\u00e9decin.<\/li>\n<li>Lorsque le m\u00e9decin re\u00e7oit l&#8217;haplotype HLA du laboratoire d&#8217;analyses, il se connecte \u00e0 la plateforme logicielle DIGITHLA, r\u00e9pond au questionnaire d&#8217;historique m\u00e9dical du patient et indique l&#8217;haplotype HLA. Puis il soumet la fiche pour une interpr\u00e9tation d\u00e9taill\u00e9e.<\/li>\n<li>Sous 15 jours, le m\u00e9decin re\u00e7oit l&#8217;interpr\u00e9tation d\u00e9taill\u00e9e r\u00e9alis\u00e9e.<\/li>\n<\/ol>\n","protected":false},"excerpt":{"rendered":"<p>Expertise compl\u00e9mentaire sous la forme d\u2019une interpr\u00e9tation d\u00e9taill\u00e9e, plus pr\u00e9cise que celle r\u00e9alis\u00e9e automatiquement par la plateforme logicielle DIGITHLA (12 expertises pour le prix de 10).<\/p>\n","protected":false},"featured_media":2687,"template":"","meta":[],"product_brand":[],"product_cat":[53],"product_tag":[],"class_list":{"0":"post-2719","1":"product","2":"type-product","3":"status-publish","4":"has-post-thumbnail","6":"product_cat-analyse-detaillee","8":"first","9":"instock","10":"virtual","11":"taxable","12":"purchasable","13":"product-type-simple"},"yoast_head":"<!-- This site is optimized with the Yoast SEO plugin v26.5 - https:\/\/yoast.com\/wordpress\/plugins\/seo\/ -->\n<title>12 expertises HLA d\u00e9taill\u00e9es (pour le prix de 10) - HLA Expert<\/title>\n<meta name=\"robots\" content=\"index, follow, max-snippet:-1, max-image-preview:large, max-video-preview:-1\" \/>\n<link rel=\"canonical\" href=\"https:\/\/hla-expert.com\/en\/product\/expertise-hla-detaillee-12\/\" \/>\n<meta property=\"og:locale\" content=\"en_US\" \/>\n<meta property=\"og:type\" content=\"article\" \/>\n<meta property=\"og:title\" content=\"12 expertises HLA d\u00e9taill\u00e9es (pour le prix de 10) - HLA Expert\" \/>\n<meta property=\"og:description\" content=\"Expertise compl\u00e9mentaire sous la forme d\u2019une interpr\u00e9tation d\u00e9taill\u00e9e, plus pr\u00e9cise que celle r\u00e9alis\u00e9e automatiquement par la plateforme logicielle DIGITHLA (12 expertises pour le prix de 10).\" \/>\n<meta property=\"og:url\" content=\"https:\/\/hla-expert.com\/en\/product\/expertise-hla-detaillee-12\/\" \/>\n<meta property=\"og:site_name\" content=\"HLA Expert\" \/>\n<meta property=\"article:modified_time\" content=\"2026-01-15T10:17:20+00:00\" \/>\n<meta property=\"og:image\" content=\"https:\/\/hla-expert.com\/wp-content\/uploads\/2023\/04\/Image-Analyse-detaillee-HLA.png\" \/>\n\t<meta property=\"og:image:width\" content=\"1094\" \/>\n\t<meta property=\"og:image:height\" content=\"828\" \/>\n\t<meta property=\"og:image:type\" content=\"image\/png\" \/>\n<meta name=\"twitter:card\" content=\"summary_large_image\" \/>\n<meta name=\"twitter:label1\" content=\"Est. reading time\" \/>\n\t<meta name=\"twitter:data1\" content=\"1 minute\" \/>\n<script type=\"application\/ld+json\" class=\"yoast-schema-graph\">{\"@context\":\"https:\/\/schema.org\",\"@graph\":[{\"@type\":\"WebPage\",\"@id\":\"https:\/\/hla-expert.com\/en\/product\/expertise-hla-detaillee-12\/\",\"url\":\"https:\/\/hla-expert.com\/en\/product\/expertise-hla-detaillee-12\/\",\"name\":\"12 expertises HLA d\u00e9taill\u00e9es (pour le prix de 10) - HLA Expert\",\"isPartOf\":{\"@id\":\"https:\/\/hla-expert.com\/en\/#website\"},\"primaryImageOfPage\":{\"@id\":\"https:\/\/hla-expert.com\/en\/product\/expertise-hla-detaillee-12\/#primaryimage\"},\"image\":{\"@id\":\"https:\/\/hla-expert.com\/en\/product\/expertise-hla-detaillee-12\/#primaryimage\"},\"thumbnailUrl\":\"https:\/\/hla-expert.com\/wp-content\/uploads\/2023\/04\/Image-Analyse-detaillee-HLA.png\",\"datePublished\":\"2023-04-29T17:07:34+00:00\",\"dateModified\":\"2026-01-15T10:17:20+00:00\",\"breadcrumb\":{\"@id\":\"https:\/\/hla-expert.com\/en\/product\/expertise-hla-detaillee-12\/#breadcrumb\"},\"inLanguage\":\"en-US\",\"potentialAction\":[{\"@type\":\"ReadAction\",\"target\":[\"https:\/\/hla-expert.com\/en\/product\/expertise-hla-detaillee-12\/\"]}]},{\"@type\":\"ImageObject\",\"inLanguage\":\"en-US\",\"@id\":\"https:\/\/hla-expert.com\/en\/product\/expertise-hla-detaillee-12\/#primaryimage\",\"url\":\"https:\/\/hla-expert.com\/wp-content\/uploads\/2023\/04\/Image-Analyse-detaillee-HLA.png\",\"contentUrl\":\"https:\/\/hla-expert.com\/wp-content\/uploads\/2023\/04\/Image-Analyse-detaillee-HLA.png\",\"width\":1094,\"height\":828},{\"@type\":\"BreadcrumbList\",\"@id\":\"https:\/\/hla-expert.com\/en\/product\/expertise-hla-detaillee-12\/#breadcrumb\",\"itemListElement\":[{\"@type\":\"ListItem\",\"position\":1,\"name\":\"Accueil\",\"item\":\"https:\/\/hla-expert.com\/en\/\"},{\"@type\":\"ListItem\",\"position\":2,\"name\":\"Shop\",\"item\":\"https:\/\/hla-expert.com\/en\/shop-2\/\"},{\"@type\":\"ListItem\",\"position\":3,\"name\":\"12 expertises HLA d\u00e9taill\u00e9es (pour le prix de 10)\"}]},{\"@type\":\"WebSite\",\"@id\":\"https:\/\/hla-expert.com\/en\/#website\",\"url\":\"https:\/\/hla-expert.com\/en\/\",\"name\":\"HLA Expert\",\"description\":\"\",\"publisher\":{\"@id\":\"https:\/\/hla-expert.com\/en\/#organization\"},\"potentialAction\":[{\"@type\":\"SearchAction\",\"target\":{\"@type\":\"EntryPoint\",\"urlTemplate\":\"https:\/\/hla-expert.com\/en\/?s={search_term_string}\"},\"query-input\":{\"@type\":\"PropertyValueSpecification\",\"valueRequired\":true,\"valueName\":\"search_term_string\"}}],\"inLanguage\":\"en-US\"},{\"@type\":\"Organization\",\"@id\":\"https:\/\/hla-expert.com\/en\/#organization\",\"name\":\"HLA Expert\",\"url\":\"https:\/\/hla-expert.com\/en\/\",\"logo\":{\"@type\":\"ImageObject\",\"inLanguage\":\"en-US\",\"@id\":\"https:\/\/hla-expert.com\/en\/#\/schema\/logo\/image\/\",\"url\":\"https:\/\/hla-expert.com\/wp-content\/uploads\/2022\/12\/HLA-expert-logo-3-1.png\",\"contentUrl\":\"https:\/\/hla-expert.com\/wp-content\/uploads\/2022\/12\/HLA-expert-logo-3-1.png\",\"width\":446,\"height\":172,\"caption\":\"HLA Expert\"},\"image\":{\"@id\":\"https:\/\/hla-expert.com\/en\/#\/schema\/logo\/image\/\"}}]}<\/script>\n<!-- \/ Yoast SEO plugin. -->","yoast_head_json":{"title":"12 expertises HLA d\u00e9taill\u00e9es (pour le prix de 10) - HLA Expert","robots":{"index":"index","follow":"follow","max-snippet":"max-snippet:-1","max-image-preview":"max-image-preview:large","max-video-preview":"max-video-preview:-1"},"canonical":"https:\/\/hla-expert.com\/en\/product\/expertise-hla-detaillee-12\/","og_locale":"en_US","og_type":"article","og_title":"12 expertises HLA d\u00e9taill\u00e9es (pour le prix de 10) - HLA Expert","og_description":"Expertise compl\u00e9mentaire sous la forme d\u2019une interpr\u00e9tation d\u00e9taill\u00e9e, plus pr\u00e9cise que celle r\u00e9alis\u00e9e automatiquement par la plateforme logicielle DIGITHLA (12 expertises pour le prix de 10).","og_url":"https:\/\/hla-expert.com\/en\/product\/expertise-hla-detaillee-12\/","og_site_name":"HLA Expert","article_modified_time":"2026-01-15T10:17:20+00:00","og_image":[{"width":1094,"height":828,"url":"https:\/\/hla-expert.com\/wp-content\/uploads\/2023\/04\/Image-Analyse-detaillee-HLA.png","type":"image\/png"}],"twitter_card":"summary_large_image","twitter_misc":{"Est. reading time":"1 minute"},"schema":{"@context":"https:\/\/schema.org","@graph":[{"@type":"WebPage","@id":"https:\/\/hla-expert.com\/en\/product\/expertise-hla-detaillee-12\/","url":"https:\/\/hla-expert.com\/en\/product\/expertise-hla-detaillee-12\/","name":"12 expertises HLA d\u00e9taill\u00e9es (pour le prix de 10) - HLA Expert","isPartOf":{"@id":"https:\/\/hla-expert.com\/en\/#website"},"primaryImageOfPage":{"@id":"https:\/\/hla-expert.com\/en\/product\/expertise-hla-detaillee-12\/#primaryimage"},"image":{"@id":"https:\/\/hla-expert.com\/en\/product\/expertise-hla-detaillee-12\/#primaryimage"},"thumbnailUrl":"https:\/\/hla-expert.com\/wp-content\/uploads\/2023\/04\/Image-Analyse-detaillee-HLA.png","datePublished":"2023-04-29T17:07:34+00:00","dateModified":"2026-01-15T10:17:20+00:00","breadcrumb":{"@id":"https:\/\/hla-expert.com\/en\/product\/expertise-hla-detaillee-12\/#breadcrumb"},"inLanguage":"en-US","potentialAction":[{"@type":"ReadAction","target":["https:\/\/hla-expert.com\/en\/product\/expertise-hla-detaillee-12\/"]}]},{"@type":"ImageObject","inLanguage":"en-US","@id":"https:\/\/hla-expert.com\/en\/product\/expertise-hla-detaillee-12\/#primaryimage","url":"https:\/\/hla-expert.com\/wp-content\/uploads\/2023\/04\/Image-Analyse-detaillee-HLA.png","contentUrl":"https:\/\/hla-expert.com\/wp-content\/uploads\/2023\/04\/Image-Analyse-detaillee-HLA.png","width":1094,"height":828},{"@type":"BreadcrumbList","@id":"https:\/\/hla-expert.com\/en\/product\/expertise-hla-detaillee-12\/#breadcrumb","itemListElement":[{"@type":"ListItem","position":1,"name":"Accueil","item":"https:\/\/hla-expert.com\/en\/"},{"@type":"ListItem","position":2,"name":"Shop","item":"https:\/\/hla-expert.com\/en\/shop-2\/"},{"@type":"ListItem","position":3,"name":"12 expertises HLA d\u00e9taill\u00e9es (pour le prix de 10)"}]},{"@type":"WebSite","@id":"https:\/\/hla-expert.com\/en\/#website","url":"https:\/\/hla-expert.com\/en\/","name":"HLA Expert","description":"","publisher":{"@id":"https:\/\/hla-expert.com\/en\/#organization"},"potentialAction":[{"@type":"SearchAction","target":{"@type":"EntryPoint","urlTemplate":"https:\/\/hla-expert.com\/en\/?s={search_term_string}"},"query-input":{"@type":"PropertyValueSpecification","valueRequired":true,"valueName":"search_term_string"}}],"inLanguage":"en-US"},{"@type":"Organization","@id":"https:\/\/hla-expert.com\/en\/#organization","name":"HLA Expert","url":"https:\/\/hla-expert.com\/en\/","logo":{"@type":"ImageObject","inLanguage":"en-US","@id":"https:\/\/hla-expert.com\/en\/#\/schema\/logo\/image\/","url":"https:\/\/hla-expert.com\/wp-content\/uploads\/2022\/12\/HLA-expert-logo-3-1.png","contentUrl":"https:\/\/hla-expert.com\/wp-content\/uploads\/2022\/12\/HLA-expert-logo-3-1.png","width":446,"height":172,"caption":"HLA Expert"},"image":{"@id":"https:\/\/hla-expert.com\/en\/#\/schema\/logo\/image\/"}}]}},"_links":{"self":[{"href":"https:\/\/hla-expert.com\/en\/wp-json\/wp\/v2\/product\/2719","targetHints":{"allow":["GET"]}}],"collection":[{"href":"https:\/\/hla-expert.com\/en\/wp-json\/wp\/v2\/product"}],"about":[{"href":"https:\/\/hla-expert.com\/en\/wp-json\/wp\/v2\/types\/product"}],"wp:featuredmedia":[{"embeddable":true,"href":"https:\/\/hla-expert.com\/en\/wp-json\/wp\/v2\/media\/2687"}],"wp:attachment":[{"href":"https:\/\/hla-expert.com\/en\/wp-json\/wp\/v2\/media?parent=2719"}],"wp:term":[{"taxonomy":"product_brand","embeddable":true,"href":"https:\/\/hla-expert.com\/en\/wp-json\/wp\/v2\/product_brand?post=2719"},{"taxonomy":"product_cat","embeddable":true,"href":"https:\/\/hla-expert.com\/en\/wp-json\/wp\/v2\/product_cat?post=2719"},{"taxonomy":"product_tag","embeddable":true,"href":"https:\/\/hla-expert.com\/en\/wp-json\/wp\/v2\/product_tag?post=2719"}],"curies":[{"name":"wp","href":"https:\/\/api.w.org\/{rel}","templated":true}]}}