{"id":2627,"date":"2023-03-31T20:44:23","date_gmt":"2023-03-31T18:44:23","guid":{"rendered":"https:\/\/hla-expert.com\/?post_type=product&#038;p=2627"},"modified":"2023-04-01T08:49:17","modified_gmt":"2023-04-01T06:49:17","slug":"abonnement-digithla","status":"publish","type":"product","link":"https:\/\/hla-expert.com\/en\/product\/abonnement-digithla\/","title":{"rendered":"Abonnement DIGITHLA"},"content":{"rendered":"<p>Des centaines d\u2019associations entre all\u00e8les et comorbidit\u00e9s ont \u00e9t\u00e9 d\u00e9crites dans la litt\u00e9rature scientifique au cours de ces derniers 40 ans. Toute cette connaissance a \u00e9t\u00e9 compil\u00e9e au sein de la plateforme digitHLA pour \u00eatre mise \u00e0 disposition de la mani\u00e8re la plus simple et la plus efficace possible. Il suffit de soumettre les 10 all\u00e8les de l\u2019haplotype HLA du patient pour obtenir imm\u00e9diatement la liste des comorbidit\u00e9s qui lui sont sp\u00e9cifiques, ce qui permet de d\u00e9finir un risque, valider un diagnostic et\/ou d\u00e9terminer les causes ayant conduit \u00e0 la maladie : un premier pas vers une proposition th\u00e9rapeutique personnalis\u00e9e.<\/p>\n","protected":false},"excerpt":{"rendered":"<p>En souscrivant \u00e0 cet abonnement annuel, vous b\u00e9n\u00e9ficiez de la possibilit\u00e9 de cr\u00e9er un nombre illimit\u00e9 de fiches patients.<\/p>\n","protected":false},"featured_media":2471,"template":"","meta":[],"product_brand":[],"product_cat":[52],"product_tag":[],"class_list":{"0":"post-2627","1":"product","2":"type-product","3":"status-publish","4":"has-post-thumbnail","6":"product_cat-abonnement","8":"first","9":"instock","10":"virtual","11":"sold-individually","12":"taxable","13":"purchasable","14":"product-type-simple"},"yoast_head":"<!-- This site is optimized with the Yoast SEO plugin v26.5 - https:\/\/yoast.com\/wordpress\/plugins\/seo\/ -->\n<title>Abonnement DIGITHLA - HLA Expert<\/title>\n<meta name=\"robots\" content=\"index, follow, max-snippet:-1, max-image-preview:large, max-video-preview:-1\" \/>\n<link rel=\"canonical\" href=\"https:\/\/hla-expert.com\/en\/product\/abonnement-digithla\/\" \/>\n<meta property=\"og:locale\" content=\"en_US\" \/>\n<meta property=\"og:type\" content=\"article\" \/>\n<meta property=\"og:title\" content=\"Abonnement DIGITHLA - HLA Expert\" \/>\n<meta property=\"og:description\" content=\"En souscrivant \u00e0 cet abonnement annuel, vous b\u00e9n\u00e9ficiez de la possibilit\u00e9 de cr\u00e9er un nombre illimit\u00e9 de fiches patients.\" \/>\n<meta property=\"og:url\" content=\"https:\/\/hla-expert.com\/en\/product\/abonnement-digithla\/\" \/>\n<meta property=\"og:site_name\" content=\"HLA Expert\" \/>\n<meta property=\"article:modified_time\" content=\"2023-04-01T06:49:17+00:00\" \/>\n<meta property=\"og:image\" content=\"https:\/\/hla-expert.com\/wp-content\/uploads\/2023\/01\/DIGITHLA-plateforme.png\" \/>\n\t<meta property=\"og:image:width\" content=\"1528\" \/>\n\t<meta property=\"og:image:height\" content=\"662\" \/>\n\t<meta property=\"og:image:type\" content=\"image\/png\" \/>\n<meta name=\"twitter:card\" content=\"summary_large_image\" \/>\n<meta name=\"twitter:label1\" content=\"Est. reading time\" \/>\n\t<meta name=\"twitter:data1\" content=\"1 minute\" \/>\n<script type=\"application\/ld+json\" class=\"yoast-schema-graph\">{\"@context\":\"https:\/\/schema.org\",\"@graph\":[{\"@type\":\"WebPage\",\"@id\":\"https:\/\/hla-expert.com\/en\/product\/abonnement-digithla\/\",\"url\":\"https:\/\/hla-expert.com\/en\/product\/abonnement-digithla\/\",\"name\":\"Abonnement DIGITHLA - HLA Expert\",\"isPartOf\":{\"@id\":\"https:\/\/hla-expert.com\/en\/#website\"},\"primaryImageOfPage\":{\"@id\":\"https:\/\/hla-expert.com\/en\/product\/abonnement-digithla\/#primaryimage\"},\"image\":{\"@id\":\"https:\/\/hla-expert.com\/en\/product\/abonnement-digithla\/#primaryimage\"},\"thumbnailUrl\":\"https:\/\/hla-expert.com\/wp-content\/uploads\/2023\/01\/DIGITHLA-plateforme.png\",\"datePublished\":\"2023-03-31T18:44:23+00:00\",\"dateModified\":\"2023-04-01T06:49:17+00:00\",\"breadcrumb\":{\"@id\":\"https:\/\/hla-expert.com\/en\/product\/abonnement-digithla\/#breadcrumb\"},\"inLanguage\":\"en-US\",\"potentialAction\":[{\"@type\":\"ReadAction\",\"target\":[\"https:\/\/hla-expert.com\/en\/product\/abonnement-digithla\/\"]}]},{\"@type\":\"ImageObject\",\"inLanguage\":\"en-US\",\"@id\":\"https:\/\/hla-expert.com\/en\/product\/abonnement-digithla\/#primaryimage\",\"url\":\"https:\/\/hla-expert.com\/wp-content\/uploads\/2023\/01\/DIGITHLA-plateforme.png\",\"contentUrl\":\"https:\/\/hla-expert.com\/wp-content\/uploads\/2023\/01\/DIGITHLA-plateforme.png\",\"width\":1528,\"height\":662},{\"@type\":\"BreadcrumbList\",\"@id\":\"https:\/\/hla-expert.com\/en\/product\/abonnement-digithla\/#breadcrumb\",\"itemListElement\":[{\"@type\":\"ListItem\",\"position\":1,\"name\":\"Accueil\",\"item\":\"https:\/\/hla-expert.com\/en\/\"},{\"@type\":\"ListItem\",\"position\":2,\"name\":\"Shop\",\"item\":\"https:\/\/hla-expert.com\/en\/shop-2\/\"},{\"@type\":\"ListItem\",\"position\":3,\"name\":\"Abonnement DIGITHLA\"}]},{\"@type\":\"WebSite\",\"@id\":\"https:\/\/hla-expert.com\/en\/#website\",\"url\":\"https:\/\/hla-expert.com\/en\/\",\"name\":\"HLA Expert\",\"description\":\"\",\"publisher\":{\"@id\":\"https:\/\/hla-expert.com\/en\/#organization\"},\"potentialAction\":[{\"@type\":\"SearchAction\",\"target\":{\"@type\":\"EntryPoint\",\"urlTemplate\":\"https:\/\/hla-expert.com\/en\/?s={search_term_string}\"},\"query-input\":{\"@type\":\"PropertyValueSpecification\",\"valueRequired\":true,\"valueName\":\"search_term_string\"}}],\"inLanguage\":\"en-US\"},{\"@type\":\"Organization\",\"@id\":\"https:\/\/hla-expert.com\/en\/#organization\",\"name\":\"HLA Expert\",\"url\":\"https:\/\/hla-expert.com\/en\/\",\"logo\":{\"@type\":\"ImageObject\",\"inLanguage\":\"en-US\",\"@id\":\"https:\/\/hla-expert.com\/en\/#\/schema\/logo\/image\/\",\"url\":\"https:\/\/hla-expert.com\/wp-content\/uploads\/2022\/12\/HLA-expert-logo-3-1.png\",\"contentUrl\":\"https:\/\/hla-expert.com\/wp-content\/uploads\/2022\/12\/HLA-expert-logo-3-1.png\",\"width\":446,\"height\":172,\"caption\":\"HLA Expert\"},\"image\":{\"@id\":\"https:\/\/hla-expert.com\/en\/#\/schema\/logo\/image\/\"}}]}<\/script>\n<!-- \/ Yoast SEO plugin. -->","yoast_head_json":{"title":"Abonnement DIGITHLA - HLA Expert","robots":{"index":"index","follow":"follow","max-snippet":"max-snippet:-1","max-image-preview":"max-image-preview:large","max-video-preview":"max-video-preview:-1"},"canonical":"https:\/\/hla-expert.com\/en\/product\/abonnement-digithla\/","og_locale":"en_US","og_type":"article","og_title":"Abonnement DIGITHLA - HLA Expert","og_description":"En souscrivant \u00e0 cet abonnement annuel, vous b\u00e9n\u00e9ficiez de la possibilit\u00e9 de cr\u00e9er un nombre illimit\u00e9 de fiches patients.","og_url":"https:\/\/hla-expert.com\/en\/product\/abonnement-digithla\/","og_site_name":"HLA Expert","article_modified_time":"2023-04-01T06:49:17+00:00","og_image":[{"width":1528,"height":662,"url":"https:\/\/hla-expert.com\/wp-content\/uploads\/2023\/01\/DIGITHLA-plateforme.png","type":"image\/png"}],"twitter_card":"summary_large_image","twitter_misc":{"Est. reading time":"1 minute"},"schema":{"@context":"https:\/\/schema.org","@graph":[{"@type":"WebPage","@id":"https:\/\/hla-expert.com\/en\/product\/abonnement-digithla\/","url":"https:\/\/hla-expert.com\/en\/product\/abonnement-digithla\/","name":"Abonnement DIGITHLA - HLA Expert","isPartOf":{"@id":"https:\/\/hla-expert.com\/en\/#website"},"primaryImageOfPage":{"@id":"https:\/\/hla-expert.com\/en\/product\/abonnement-digithla\/#primaryimage"},"image":{"@id":"https:\/\/hla-expert.com\/en\/product\/abonnement-digithla\/#primaryimage"},"thumbnailUrl":"https:\/\/hla-expert.com\/wp-content\/uploads\/2023\/01\/DIGITHLA-plateforme.png","datePublished":"2023-03-31T18:44:23+00:00","dateModified":"2023-04-01T06:49:17+00:00","breadcrumb":{"@id":"https:\/\/hla-expert.com\/en\/product\/abonnement-digithla\/#breadcrumb"},"inLanguage":"en-US","potentialAction":[{"@type":"ReadAction","target":["https:\/\/hla-expert.com\/en\/product\/abonnement-digithla\/"]}]},{"@type":"ImageObject","inLanguage":"en-US","@id":"https:\/\/hla-expert.com\/en\/product\/abonnement-digithla\/#primaryimage","url":"https:\/\/hla-expert.com\/wp-content\/uploads\/2023\/01\/DIGITHLA-plateforme.png","contentUrl":"https:\/\/hla-expert.com\/wp-content\/uploads\/2023\/01\/DIGITHLA-plateforme.png","width":1528,"height":662},{"@type":"BreadcrumbList","@id":"https:\/\/hla-expert.com\/en\/product\/abonnement-digithla\/#breadcrumb","itemListElement":[{"@type":"ListItem","position":1,"name":"Accueil","item":"https:\/\/hla-expert.com\/en\/"},{"@type":"ListItem","position":2,"name":"Shop","item":"https:\/\/hla-expert.com\/en\/shop-2\/"},{"@type":"ListItem","position":3,"name":"Abonnement DIGITHLA"}]},{"@type":"WebSite","@id":"https:\/\/hla-expert.com\/en\/#website","url":"https:\/\/hla-expert.com\/en\/","name":"HLA Expert","description":"","publisher":{"@id":"https:\/\/hla-expert.com\/en\/#organization"},"potentialAction":[{"@type":"SearchAction","target":{"@type":"EntryPoint","urlTemplate":"https:\/\/hla-expert.com\/en\/?s={search_term_string}"},"query-input":{"@type":"PropertyValueSpecification","valueRequired":true,"valueName":"search_term_string"}}],"inLanguage":"en-US"},{"@type":"Organization","@id":"https:\/\/hla-expert.com\/en\/#organization","name":"HLA Expert","url":"https:\/\/hla-expert.com\/en\/","logo":{"@type":"ImageObject","inLanguage":"en-US","@id":"https:\/\/hla-expert.com\/en\/#\/schema\/logo\/image\/","url":"https:\/\/hla-expert.com\/wp-content\/uploads\/2022\/12\/HLA-expert-logo-3-1.png","contentUrl":"https:\/\/hla-expert.com\/wp-content\/uploads\/2022\/12\/HLA-expert-logo-3-1.png","width":446,"height":172,"caption":"HLA Expert"},"image":{"@id":"https:\/\/hla-expert.com\/en\/#\/schema\/logo\/image\/"}}]}},"_links":{"self":[{"href":"https:\/\/hla-expert.com\/en\/wp-json\/wp\/v2\/product\/2627","targetHints":{"allow":["GET"]}}],"collection":[{"href":"https:\/\/hla-expert.com\/en\/wp-json\/wp\/v2\/product"}],"about":[{"href":"https:\/\/hla-expert.com\/en\/wp-json\/wp\/v2\/types\/product"}],"wp:featuredmedia":[{"embeddable":true,"href":"https:\/\/hla-expert.com\/en\/wp-json\/wp\/v2\/media\/2471"}],"wp:attachment":[{"href":"https:\/\/hla-expert.com\/en\/wp-json\/wp\/v2\/media?parent=2627"}],"wp:term":[{"taxonomy":"product_brand","embeddable":true,"href":"https:\/\/hla-expert.com\/en\/wp-json\/wp\/v2\/product_brand?post=2627"},{"taxonomy":"product_cat","embeddable":true,"href":"https:\/\/hla-expert.com\/en\/wp-json\/wp\/v2\/product_cat?post=2627"},{"taxonomy":"product_tag","embeddable":true,"href":"https:\/\/hla-expert.com\/en\/wp-json\/wp\/v2\/product_tag?post=2627"}],"curies":[{"name":"wp","href":"https:\/\/api.w.org\/{rel}","templated":true}]}}